{"id":232,"date":"2023-11-29T09:59:23","date_gmt":"2023-11-29T08:59:23","guid":{"rendered":"https:\/\/chandra-ayurveda.com\/?page_id=232"},"modified":"2025-01-23T13:50:07","modified_gmt":"2025-01-23T12:50:07","slug":"mentions-legales","status":"publish","type":"page","link":"https:\/\/chandra-ayurveda.com\/index.php\/mentions-legales\/","title":{"rendered":"Mentions l\u00e9gales"},"content":{"rendered":"\t\t<div data-elementor-type=\"wp-page\" data-elementor-id=\"232\" class=\"elementor elementor-232\">\n\t\t\t\t\t\t\t<div class=\"elementor-element elementor-element-13e252e e-flex e-con-boxed e-con e-parent\" data-id=\"13e252e\" data-element_type=\"container\" data-settings=\"{&quot;content_width&quot;:&quot;boxed&quot;}\" data-core-v316-plus=\"true\">\n\t\t\t\t\t<div class=\"e-con-inner\">\n\t\t\t\t<div class=\"elementor-element elementor-element-e4d88d5 elementor-widget elementor-widget-text-editor\" data-id=\"e4d88d5\" data-element_type=\"widget\" data-widget_type=\"text-editor.default\">\n\t\t\t\t<div class=\"elementor-widget-container\">\n\t\t\t<style>\/*! elementor - v3.18.0 - 20-12-2023 *\/\n.elementor-widget-text-editor.elementor-drop-cap-view-stacked .elementor-drop-cap{background-color:#69727d;color:#fff}.elementor-widget-text-editor.elementor-drop-cap-view-framed .elementor-drop-cap{color:#69727d;border:3px solid;background-color:transparent}.elementor-widget-text-editor:not(.elementor-drop-cap-view-default) .elementor-drop-cap{margin-top:8px}.elementor-widget-text-editor:not(.elementor-drop-cap-view-default) .elementor-drop-cap-letter{width:1em;height:1em}.elementor-widget-text-editor .elementor-drop-cap{float:left;text-align:center;line-height:1;font-size:50px}.elementor-widget-text-editor .elementor-drop-cap-letter{display:inline-block}<\/style>\t\t\t\t<div class=\"vHyeZ _5rAid css-1c375l0\"><section id=\"15b33801-7ac3-45fd-86b1-55baedcaed1b\" class=\"l7Lyt\"><div class=\"HvmIt\"><div class=\"vV8sE\"><div class=\"_6OU6x\" data-testid=\"static-text-element\"><div class=\"A8RBL\"><div class=\"\"><h2>Mentions l\u00e9gales<\/h2><p>.<\/p><p><strong>RESPONSABLE DU SITE \/ DIRECTEUR DE PUBLICATION<\/strong>\u00a0<\/p><p><strong>Denis LOTTE<br \/><\/strong>400 chemin des Dorriers 01600 MASSIEUX<br \/>denis.chandrayurveda@gmail.com<\/p><p>07 62 38 96 26<br \/>Num\u00e9ro de Siren : 850 732 280<\/p><p><strong>H\u00c9BERGEMENT DU SITE INTERNET<\/strong>\u00a0<\/p><p>HOSTINGER<br \/>https:\/\/hostinger.fr\/\u00a0<\/p><p><strong>R\u00c9ALISATION DU SITE INTERNET<\/strong>\u00a0<\/p><p>Andr\u00e9as BOISSARD<\/p><p><strong>PROPRI\u00c9T\u00c9 INTELLECTUELLE<\/strong>\u00a0<\/p><p>Aucun \u00e9l\u00e9ment tel que le contenu r\u00e9dactionnel ou les photographies composant le site ne peut \u00eatre copi\u00e9, reproduit, modifi\u00e9, r\u00e9\u00e9dit\u00e9, charg\u00e9, d\u00e9natur\u00e9, transmis ou distribu\u00e9 de quelque mani\u00e8re que ce soit, sous quelque support que ce soit, de fa\u00e7on partielle ou int\u00e9grale, sans l\u2019autorisation \u00e9crite et pr\u00e9alable de Denis LOTTE \u00e0 l\u2019exception d\u2019une stricte utilisation pour les besoins de la presse et sous r\u00e9serve du respect des droits de propri\u00e9t\u00e9 intellectuelle et de tout autre droit de propri\u00e9t\u00e9 dont il est fait mention. Seule la copie \u00e0 usage priv\u00e9 est autoris\u00e9e pour votre usage personnel, priv\u00e9 et non-commercial, sur votre ordinateur personnel.\u00a0<\/p><p>La mention suivante doit notamment appara\u00eetre sur toute copie autoris\u00e9e de tout ou partie du contenu du site : \u00ab COPYRIGHT WWW.CHANDRA.AYURVEDA.COM \u2013 TOUS DROITS R\u00c9SERV\u00c9S \u00bb. Toute utilisation autoris\u00e9e des \u00e9l\u00e9ments composant ou figurant dans le site doit se faire sans d\u00e9naturation, modification ou alt\u00e9ration de quelque mani\u00e8re que ce soit.\u00a0<\/p><p>Tout autre mat\u00e9riel contenu sur ce site ne nous appartenant pas : photos, textes, images, logos, noms de produits ou marques cit\u00e9es (\u2026) est la propri\u00e9t\u00e9 de leurs d\u00e9tenteurs respectifs.\u00a0<\/p><p>.<\/p><p><strong>DONN\u00c9ES PERSONNELLES<\/strong>\u00a0<\/p><p>Les donn\u00e9es personnelles collect\u00e9es sur <a href=\"https:\/\/chandra-ayurveda.com\">www.chandra-ayurveda.com<\/a>\u00a0 sont uniquement destin\u00e9es \u00e0 un usage interne. En aucun cas ces donn\u00e9es ne seront c\u00e9d\u00e9es ou vendues \u00e0 des tiers.\u00a0<\/p><p>Conform\u00e9ment \u00e0 la loi \u00ab Informatique et Libert\u00e9 \u00bb du 6 janvier 1978, vous disposez d\u2019un droit d\u2019acc\u00e8s, de modification, de rectification et de suppression des donn\u00e9es personnelles qui vous concernent.\u00a0<\/p><p>Pour cela, il suffit d\u2019en faire la demande \u00e0 l\u2019adresse chandra.ayurveda@outlook.com<\/p><p>.<br \/><strong>GRAPHISME ET PHOTOS<br \/>Graphisme<\/strong> :Andr\u00e9as BOISSARD<\/p><p><strong>PHOTOS<\/strong> : STOCKLIB &#8211;<\/p><p><a href=\"https:\/\/www.stocklib.fr\/\">Banque d&rsquo;images Stocklib &#8211; Photos libres de droits<\/a><\/p><p>.<br \/><strong>AVERTISSEMENT LEGAL<br \/><\/strong>Les massages, conseils en alimentation et en hygi\u00e8ne de vie ne pr\u00e9tendent \u00e0 aucun traitement de maladie. Si vous \u00eates malade, consultez un m\u00e9decin.<\/p><\/div><\/div><\/div><\/div><\/div><\/section><\/div>\t\t\t\t\t\t<\/div>\n\t\t\t\t<\/div>\n\t\t\t\t\t<\/div>\n\t\t\t\t<\/div>\n\t\t<div class=\"elementor-element elementor-element-f1a9691 e-flex e-con-boxed e-con e-parent\" data-id=\"f1a9691\" data-element_type=\"container\" data-settings=\"{&quot;content_width&quot;:&quot;boxed&quot;}\" data-core-v316-plus=\"true\">\n\t\t\t\t\t<div class=\"e-con-inner\">\n\t\t\t\t\t<\/div>\n\t\t\t\t<\/div>\n\t\t\t\t\t\t\t<\/div>\n\t\t","protected":false},"excerpt":{"rendered":"<p>Mentions l\u00e9gales . RESPONSABLE DU SITE \/ DIRECTEUR DE PUBLICATION\u00a0 Denis LOTTE400 chemin des Dorriers 01600 MASSIEUXdenis.chandrayurveda@gmail.com 07 62 38 96 26Num\u00e9ro de Siren : 850 732 280 H\u00c9BERGEMENT DU SITE INTERNET\u00a0 HOSTINGERhttps:\/\/hostinger.fr\/\u00a0 R\u00c9ALISATION DU SITE INTERNET\u00a0 Andr\u00e9as BOISSARD PROPRI\u00c9T\u00c9 INTELLECTUELLE\u00a0 Aucun \u00e9l\u00e9ment tel que le contenu r\u00e9dactionnel ou les photographies composant le site ne&hellip; <a class=\"more-link\" href=\"https:\/\/chandra-ayurveda.com\/index.php\/mentions-legales\/\">Poursuivre la lecture <span class=\"screen-reader-text\">Mentions l\u00e9gales<\/span><\/a><\/p>\n","protected":false},"author":1,"featured_media":44,"parent":0,"menu_order":0,"comment_status":"closed","ping_status":"closed","template":"elementor_header_footer","meta":{"footnotes":""},"aioseo_notices":[],"_links":{"self":[{"href":"https:\/\/chandra-ayurveda.com\/index.php\/wp-json\/wp\/v2\/pages\/232"}],"collection":[{"href":"https:\/\/chandra-ayurveda.com\/index.php\/wp-json\/wp\/v2\/pages"}],"about":[{"href":"https:\/\/chandra-ayurveda.com\/index.php\/wp-json\/wp\/v2\/types\/page"}],"author":[{"embeddable":true,"href":"https:\/\/chandra-ayurveda.com\/index.php\/wp-json\/wp\/v2\/users\/1"}],"replies":[{"embeddable":true,"href":"https:\/\/chandra-ayurveda.com\/index.php\/wp-json\/wp\/v2\/comments?post=232"}],"version-history":[{"count":45,"href":"https:\/\/chandra-ayurveda.com\/index.php\/wp-json\/wp\/v2\/pages\/232\/revisions"}],"predecessor-version":[{"id":804,"href":"https:\/\/chandra-ayurveda.com\/index.php\/wp-json\/wp\/v2\/pages\/232\/revisions\/804"}],"wp:featuredmedia":[{"embeddable":true,"href":"https:\/\/chandra-ayurveda.com\/index.php\/wp-json\/wp\/v2\/media\/44"}],"wp:attachment":[{"href":"https:\/\/chandra-ayurveda.com\/index.php\/wp-json\/wp\/v2\/media?parent=232"}],"curies":[{"name":"wp","href":"https:\/\/api.w.org\/{rel}","templated":true}]}}