{"id":266,"date":"2023-12-05T15:22:32","date_gmt":"2023-12-05T14:22:32","guid":{"rendered":"https:\/\/chandra-ayurveda.com\/?page_id=266"},"modified":"2025-09-22T11:39:05","modified_gmt":"2025-09-22T09:39:05","slug":"votre-praticien","status":"publish","type":"page","link":"https:\/\/chandra-ayurveda.com\/index.php\/votre-praticien\/","title":{"rendered":"Votre praticien"},"content":{"rendered":"\t\t<div data-elementor-type=\"wp-page\" data-elementor-id=\"266\" class=\"elementor elementor-266\">\n\t\t\t\t\t\t\t<div class=\"elementor-element elementor-element-8fcf189 e-flex e-con-boxed e-con e-parent\" data-id=\"8fcf189\" data-element_type=\"container\" data-settings=\"{&quot;content_width&quot;:&quot;boxed&quot;}\" data-core-v316-plus=\"true\">\n\t\t\t\t\t<div class=\"e-con-inner\">\n\t\t\t\t<div class=\"elementor-element elementor-element-d09c4e4 elementor-widget elementor-widget-heading\" data-id=\"d09c4e4\" data-element_type=\"widget\" data-widget_type=\"heading.default\">\n\t\t\t\t<div class=\"elementor-widget-container\">\n\t\t\t<style>\/*! elementor - v3.18.0 - 20-12-2023 *\/\n.elementor-heading-title{padding:0;margin:0;line-height:1}.elementor-widget-heading .elementor-heading-title[class*=elementor-size-]>a{color:inherit;font-size:inherit;line-height:inherit}.elementor-widget-heading .elementor-heading-title.elementor-size-small{font-size:15px}.elementor-widget-heading .elementor-heading-title.elementor-size-medium{font-size:19px}.elementor-widget-heading .elementor-heading-title.elementor-size-large{font-size:29px}.elementor-widget-heading .elementor-heading-title.elementor-size-xl{font-size:39px}.elementor-widget-heading .elementor-heading-title.elementor-size-xxl{font-size:59px}<\/style><h2 class=\"elementor-heading-title elementor-size-medium\">Votre Praticien<\/h2>\t\t<\/div>\n\t\t\t\t<\/div>\n\t\t\t\t<div class=\"elementor-element elementor-element-9004191 elementor-widget elementor-widget-text-editor\" data-id=\"9004191\" data-element_type=\"widget\" data-widget_type=\"text-editor.default\">\n\t\t\t\t<div class=\"elementor-widget-container\">\n\t\t\t<style>\/*! elementor - v3.18.0 - 20-12-2023 *\/\n.elementor-widget-text-editor.elementor-drop-cap-view-stacked .elementor-drop-cap{background-color:#69727d;color:#fff}.elementor-widget-text-editor.elementor-drop-cap-view-framed .elementor-drop-cap{color:#69727d;border:3px solid;background-color:transparent}.elementor-widget-text-editor:not(.elementor-drop-cap-view-default) .elementor-drop-cap{margin-top:8px}.elementor-widget-text-editor:not(.elementor-drop-cap-view-default) .elementor-drop-cap-letter{width:1em;height:1em}.elementor-widget-text-editor .elementor-drop-cap{float:left;text-align:center;line-height:1;font-size:50px}.elementor-widget-text-editor .elementor-drop-cap-letter{display:inline-block}<\/style>\t\t\t\t\t\t\t\t\t\t<\/div>\n\t\t\t\t<\/div>\n\t\t\t\t\t<\/div>\n\t\t\t\t<\/div>\n\t\t<div class=\"elementor-element elementor-element-e66aae2 e-flex e-con-boxed e-con e-parent\" data-id=\"e66aae2\" data-element_type=\"container\" data-settings=\"{&quot;content_width&quot;:&quot;boxed&quot;}\" data-core-v316-plus=\"true\">\n\t\t\t\t\t<div class=\"e-con-inner\">\n\t\t<div class=\"elementor-element elementor-element-fa52f1d e-con-full e-flex e-con e-child\" data-id=\"fa52f1d\" data-element_type=\"container\" data-settings=\"{&quot;content_width&quot;:&quot;full&quot;}\">\n\t\t\t\t<div class=\"elementor-element elementor-element-9c0fe2e elementor-widget elementor-widget-text-editor\" data-id=\"9c0fe2e\" data-element_type=\"widget\" data-widget_type=\"text-editor.default\">\n\t\t\t\t<div class=\"elementor-widget-container\">\n\t\t\t\t\t\t\t<p><span style=\"color: #ffffff;\"><em>Denis LOTTE <\/em><\/span><\/p><p><span style=\"color: #ffffff;\"><em>J&rsquo;ai \u00e9t\u00e9 ing\u00e9nieur puis enseignant (\u00e0 temps partiel aujourd\u2019hui). <\/em><\/span><\/p><p><span style=\"color: #ffffff;\"><em>Un enseignement de Yoga que je pratique depuis plus de 20 ans, m\u2019a permis de renouer avec une envie profond\u00e9ment enfouie, qui apr\u00e8s avoir ressurgi \u00e0 plusieurs occasions s\u2019est concr\u00e9tis\u00e9e en 2018 avec la rencontre de l&rsquo;Ayurv\u00e9da.<\/em><\/span><\/p><p><span style=\"color: #ffffff;\">.<\/span><\/p><p><span style=\"color: #ffffff;\"><em>J&rsquo;ai cherch\u00e9 pendant plusieurs mois et mon choix s&rsquo;est port\u00e9 sur ce syst\u00e8me m\u00e9dical holistique (ou global) indien qui correspondait le plus \u00e0 ma sensibilit\u00e9 gr\u00e2ce \u00e0 une certaine simplicit\u00e9 et une logique assez bluffante en consid\u00e9rant la personne enti\u00e8re dans son individualit\u00e9 en\u00a0 incluant son environnement.<\/em><\/span><\/p><p><span style=\"color: #ffffff;\">.<\/span><\/p><p><span style=\"color: #ffffff;\"><em>Par ma pratique des massages, mon d\u00e9sir est d&rsquo;aider les gens \u00e0 retrouver un \u00e9quilibre qui am\u00e8ne un \u00e9vident bien-\u00eatre et aussi une plus grande disponibilit\u00e9 \u00e0 prendre conscience de leur sant\u00e9 et des facteurs qui l&rsquo;am\u00e9liorent ou l&rsquo;aggravent.<br \/><\/em><\/span><\/p>\t\t\t\t\t\t<\/div>\n\t\t\t\t<\/div>\n\t\t\t\t<\/div>\n\t\t<div class=\"elementor-element elementor-element-feae189 e-con-full e-flex e-con e-child\" data-id=\"feae189\" data-element_type=\"container\" data-settings=\"{&quot;content_width&quot;:&quot;full&quot;}\">\n\t\t\t\t<div class=\"elementor-element elementor-element-6fea3d0 elementor-widget elementor-widget-image\" data-id=\"6fea3d0\" data-element_type=\"widget\" data-widget_type=\"image.default\">\n\t\t\t\t<div class=\"elementor-widget-container\">\n\t\t\t<style>\/*! elementor - v3.18.0 - 20-12-2023 *\/\n.elementor-widget-image{text-align:center}.elementor-widget-image a{display:inline-block}.elementor-widget-image a img[src$=\".svg\"]{width:48px}.elementor-widget-image img{vertical-align:middle;display:inline-block}<\/style>\t\t\t\t\t\t\t\t\t\t\t\t<img fetchpriority=\"high\" decoding=\"async\" width=\"750\" height=\"727\" src=\"https:\/\/chandra-ayurveda.com\/wp-content\/uploads\/2023\/11\/photo-DLO-1024x993.jpeg\" class=\"attachment-large size-large wp-image-237\" alt=\"\" srcset=\"https:\/\/chandra-ayurveda.com\/wp-content\/uploads\/2023\/11\/photo-DLO-1024x993.jpeg 1024w, https:\/\/chandra-ayurveda.com\/wp-content\/uploads\/2023\/11\/photo-DLO-450x436.jpeg 450w, https:\/\/chandra-ayurveda.com\/wp-content\/uploads\/2023\/11\/photo-DLO-600x582.jpeg 600w, https:\/\/chandra-ayurveda.com\/wp-content\/uploads\/2023\/11\/photo-DLO-300x291.jpeg 300w, https:\/\/chandra-ayurveda.com\/wp-content\/uploads\/2023\/11\/photo-DLO-768x745.jpeg 768w, https:\/\/chandra-ayurveda.com\/wp-content\/uploads\/2023\/11\/photo-DLO-1536x1489.jpeg 1536w, https:\/\/chandra-ayurveda.com\/wp-content\/uploads\/2023\/11\/photo-DLO-1568x1520.jpeg 1568w, https:\/\/chandra-ayurveda.com\/wp-content\/uploads\/2023\/11\/photo-DLO.jpeg 1572w\" sizes=\"(max-width: 750px) 100vw, 750px\" style=\"width:100%;height:96.95%;max-width:1572px\" \/>\t\t\t\t\t\t\t\t\t\t\t\t\t\t\t<\/div>\n\t\t\t\t<\/div>\n\t\t\t\t<\/div>\n\t\t\t\t\t<\/div>\n\t\t\t\t<\/div>\n\t\t<div class=\"elementor-element elementor-element-e99fc16 e-flex e-con-boxed e-con e-parent\" data-id=\"e99fc16\" data-element_type=\"container\" data-settings=\"{&quot;content_width&quot;:&quot;boxed&quot;}\" data-core-v316-plus=\"true\">\n\t\t\t\t\t<div class=\"e-con-inner\">\n\t\t<div class=\"elementor-element elementor-element-b1ef0ae e-con-full e-flex e-con e-child\" data-id=\"b1ef0ae\" data-element_type=\"container\" data-settings=\"{&quot;content_width&quot;:&quot;full&quot;}\">\n\t\t\t\t<div class=\"elementor-element elementor-element-f3e923f elementor-widget elementor-widget-image\" data-id=\"f3e923f\" data-element_type=\"widget\" data-widget_type=\"image.default\">\n\t\t\t\t<div class=\"elementor-widget-container\">\n\t\t\t\t\t\t\t\t\t\t\t\t\t\t\t<img decoding=\"async\" width=\"556\" height=\"568\" src=\"https:\/\/chandra-ayurveda.com\/wp-content\/uploads\/2023\/12\/EIVS-reduit-1.jpg\" class=\"attachment-large size-large wp-image-280\" alt=\"\" srcset=\"https:\/\/chandra-ayurveda.com\/wp-content\/uploads\/2023\/12\/EIVS-reduit-1.jpg 556w, https:\/\/chandra-ayurveda.com\/wp-content\/uploads\/2023\/12\/EIVS-reduit-1-450x460.jpg 450w, https:\/\/chandra-ayurveda.com\/wp-content\/uploads\/2023\/12\/EIVS-reduit-1-294x300.jpg 294w\" sizes=\"(max-width: 556px) 100vw, 556px\" style=\"width:100%;height:102.16%;max-width:556px\" \/>\t\t\t\t\t\t\t\t\t\t\t\t\t\t\t<\/div>\n\t\t\t\t<\/div>\n\t\t\t\t<\/div>\n\t\t<div class=\"elementor-element elementor-element-7a36345 e-con-full e-flex e-con e-child\" data-id=\"7a36345\" data-element_type=\"container\" data-settings=\"{&quot;content_width&quot;:&quot;full&quot;}\">\n\t\t\t\t<div class=\"elementor-element elementor-element-aa5765d elementor-widget elementor-widget-text-editor\" data-id=\"aa5765d\" data-element_type=\"widget\" data-widget_type=\"text-editor.default\">\n\t\t\t\t<div class=\"elementor-widget-container\">\n\t\t\t\t\t\t\t<p><em><span style=\"color: #ffffff;\">Recherchant un professeur qualifi\u00e9 et r\u00e9put\u00e9, j\u2018ai finalement rencontr\u00e9 <strong>ATREYA Smith<\/strong> (European Institut of V\u00e9dic Studies <span style=\"color: #00ff00;\">https:\/\/www.eivs.org<\/span>) , expert internationalement renomm\u00e9 aussi bien pour ses connaissances que sa pratique de m\u00e9decin ayurv\u00e9dique (Vaidya)\u00a0 pour lequel j\u2019ai le plus profond respect.<\/span><\/em><\/p><p><span style=\"color: #ffffff;\">.<\/span><\/p><p><em><span style=\"color: #ffffff;\">J\u2019ai suivi l\u2019ensemble de son cursus de praticien ayurv\u00e9dique et ai \u00e9t\u00e9 form\u00e9 aux massages en Inde via le docteur <strong>JOSHI<\/strong> \u00e0 Nagpur (Vinayak Panchakarma Chikitsalaya NAGPUR <span style=\"color: #00ff00;\">https:\/\/www.vinayakayurveda.com\/india<\/span> ).<\/span><\/em><\/p><p><span style=\"color: #ffffff;\">.<\/span><\/p><p><em><span style=\"color: #ffffff;\">Ayant \u00e9t\u00e9 tr\u00e8s impressionn\u00e9 par l\u2019efficacit\u00e9 des Massages Traditionnels Ayurv\u00e9diques, j\u2019ai d\u00e9cid\u00e9 de privil\u00e9gier cet aspect dans ma pratique et d\u2019approfondir mes connaissances et comp\u00e9tences : je continue donc \u00e0 me former \u00e0 l\u2019institut <strong>SATTVA<\/strong> \u00e0 Sciez avec<strong> Linda GAYATRI<\/strong> (<span style=\"color: #00ff00;\">https:\/\/www.centresattva.com<\/span>), seul institut habilit\u00e9 \u00e0 former sur les massages\u00a0 \u00ab Atreya Abhyanga \u00bb.<\/span><\/em><\/p>\t\t\t\t\t\t<\/div>\n\t\t\t\t<\/div>\n\t\t\t\t<\/div>\n\t\t\t\t\t<\/div>\n\t\t\t\t<\/div>\n\t\t<div class=\"elementor-element elementor-element-69aec79 e-flex e-con-boxed e-con e-parent\" data-id=\"69aec79\" data-element_type=\"container\" data-settings=\"{&quot;content_width&quot;:&quot;boxed&quot;}\" data-core-v316-plus=\"true\">\n\t\t\t\t\t<div class=\"e-con-inner\">\n\t\t\t\t<div class=\"elementor-element elementor-element-a61461d elementor-widget elementor-widget-heading\" data-id=\"a61461d\" data-element_type=\"widget\" data-widget_type=\"heading.default\">\n\t\t\t\t<div class=\"elementor-widget-container\">\n\t\t\t<h2 class=\"elementor-heading-title elementor-size-default\">FORMATION<\/h2>\t\t<\/div>\n\t\t\t\t<\/div>\n\t\t\t\t<div class=\"elementor-element elementor-element-7a55563 elementor-widget elementor-widget-text-editor\" data-id=\"7a55563\" data-element_type=\"widget\" data-widget_type=\"text-editor.default\">\n\t\t\t\t<div class=\"elementor-widget-container\">\n\t\t\t\t\t\t\t<p><strong>2019 &#8211; 2020<\/strong> : Certifi\u00e9 \u00ab\u00a0Praticien en Hygi\u00e8ne de vie et Alimentation\u00a0\u00bb aupr\u00e8s de l&rsquo;\u00e9cole EIVS European Institute of V\u00e9dic Studies<br \/><strong>2020 &#8211; 2021 <\/strong>: Certif\u00e9e \u00ab\u00a0Praticien en m\u00e9decine et phytoth\u00e9rapie Ayurv\u00e9dique\u00a0\u00bb aupr\u00e8s de l&rsquo;\u00e9cole EIVS European Institute of V\u00e9dic Studies.<br \/><strong>2022 <\/strong>: formation clinique Certifi\u00e9e \u00ab\u00a0Management clinique des Doshas\u00a0\u00bb \u00e0 la clinique du docteur Joshi \u00e0 Nagpur en partenariat avec l&rsquo;\u00e9cole EIVS European Institute of V\u00e9dic Studies\u00a0<\/p><p><strong>2023-2024<\/strong> : Massages ayurv\u00e9diques selon la m\u00e9thode \u00ab\u00a0Atreya Abhyanga\u00a0\u00bb au centre Sattva \u00e0 Sciez<\/p><p><strong>2024-2025<\/strong> : Approfondissement des Massages et Soins Ayurv\u00e9diques selon la m\u00e9thode \u00ab\u00a0Atreya Abhyanga\u00a0\u00bb au centre Sattva \u00e0 Sciez<\/p>\t\t\t\t\t\t<\/div>\n\t\t\t\t<\/div>\n\t\t\t\t\t<\/div>\n\t\t\t\t<\/div>\n\t\t<div class=\"elementor-element elementor-element-bd006ae e-flex e-con-boxed e-con e-parent\" data-id=\"bd006ae\" data-element_type=\"container\" data-settings=\"{&quot;content_width&quot;:&quot;boxed&quot;}\" data-core-v316-plus=\"true\">\n\t\t\t\t\t<div class=\"e-con-inner\">\n\t\t<div class=\"elementor-element elementor-element-5f2b0ab e-con-full e-flex e-con e-child\" data-id=\"5f2b0ab\" data-element_type=\"container\" data-settings=\"{&quot;content_width&quot;:&quot;full&quot;}\">\n\t\t\t\t<div class=\"elementor-element elementor-element-0ba8f77 elementor-widget elementor-widget-image\" data-id=\"0ba8f77\" data-element_type=\"widget\" data-widget_type=\"image.default\">\n\t\t\t\t<div class=\"elementor-widget-container\">\n\t\t\t\t\t\t\t\t\t\t\t\t\t\t\t<img decoding=\"async\" src=\"https:\/\/chandra-ayurveda.com\/wp-content\/uploads\/2024\/09\/Niveau-1-certificat-Atreya.jpg\" title=\"Niveau 1 certificat Atreya\" alt=\"Niveau 1 certificat Atreya\" loading=\"lazy\" \/>\t\t\t\t\t\t\t\t\t\t\t\t\t\t\t<\/div>\n\t\t\t\t<\/div>\n\t\t\t\t<\/div>\n\t\t<div class=\"elementor-element elementor-element-33c95e1 e-con-full e-flex e-con e-child\" data-id=\"33c95e1\" data-element_type=\"container\" data-settings=\"{&quot;content_width&quot;:&quot;full&quot;}\">\n\t\t\t\t<div class=\"elementor-element elementor-element-68f61af elementor-widget elementor-widget-image\" data-id=\"68f61af\" data-element_type=\"widget\" data-widget_type=\"image.default\">\n\t\t\t\t<div class=\"elementor-widget-container\">\n\t\t\t\t\t\t\t\t\t\t\t\t\t\t\t<img decoding=\"async\" src=\"https:\/\/chandra-ayurveda.com\/wp-content\/uploads\/2024\/09\/Niveau-3-certificat-Atreya.jpg\" title=\"Niveau 3 certificat Atreya\" alt=\"Niveau 3 certificat Atreya\" loading=\"lazy\" \/>\t\t\t\t\t\t\t\t\t\t\t\t\t\t\t<\/div>\n\t\t\t\t<\/div>\n\t\t\t\t<\/div>\n\t\t<div class=\"elementor-element elementor-element-317cb79 e-con-full e-flex e-con e-child\" data-id=\"317cb79\" data-element_type=\"container\" data-settings=\"{&quot;content_width&quot;:&quot;full&quot;}\">\n\t\t\t\t<div class=\"elementor-element elementor-element-f865399 elementor-widget elementor-widget-image\" data-id=\"f865399\" data-element_type=\"widget\" data-widget_type=\"image.default\">\n\t\t\t\t<div class=\"elementor-widget-container\">\n\t\t\t\t\t\t\t\t\t\t\t\t\t\t\t<img decoding=\"async\" src=\"https:\/\/chandra-ayurveda.com\/wp-content\/uploads\/2024\/09\/Niveau-2-certificat-nagpur.jpg\" title=\"Niveau 2 certificat nagpur\" alt=\"Niveau 2 certificat nagpur\" loading=\"lazy\" \/>\t\t\t\t\t\t\t\t\t\t\t\t\t\t\t<\/div>\n\t\t\t\t<\/div>\n\t\t\t\t<\/div>\n\t\t<div class=\"elementor-element elementor-element-f3a1ef7 e-con-full e-flex e-con e-child\" data-id=\"f3a1ef7\" data-element_type=\"container\" data-settings=\"{&quot;content_width&quot;:&quot;full&quot;}\">\n\t\t\t\t<div class=\"elementor-element elementor-element-f1849ad elementor-widget__width-initial elementor-widget elementor-widget-image\" data-id=\"f1849ad\" data-element_type=\"widget\" data-widget_type=\"image.default\">\n\t\t\t\t<div class=\"elementor-widget-container\">\n\t\t\t\t\t\t\t\t\t\t\t\t\t\t\t<img decoding=\"async\" src=\"https:\/\/chandra-ayurveda.com\/wp-content\/uploads\/2024\/09\/Massage-Niveau-1-sciez.jpg\" title=\"Massage Niveau 1 sciez\" alt=\"Massage Niveau 1 sciez\" loading=\"lazy\" \/>\t\t\t\t\t\t\t\t\t\t\t\t\t\t\t<\/div>\n\t\t\t\t<\/div>\n\t\t\t\t<div class=\"elementor-element elementor-element-deab54f elementor-widget elementor-widget-image\" data-id=\"deab54f\" data-element_type=\"widget\" data-widget_type=\"image.default\">\n\t\t\t\t<div class=\"elementor-widget-container\">\n\t\t\t\t\t\t\t\t\t\t\t\t\t\t\t<img decoding=\"async\" width=\"750\" height=\"504\" src=\"https:\/\/chandra-ayurveda.com\/wp-content\/uploads\/2025\/09\/Massage-Niveau-2-sciez.jpg\" class=\"attachment-large size-large wp-image-954\" alt=\"\" srcset=\"https:\/\/chandra-ayurveda.com\/wp-content\/uploads\/2025\/09\/Massage-Niveau-2-sciez.jpg 996w, https:\/\/chandra-ayurveda.com\/wp-content\/uploads\/2025\/09\/Massage-Niveau-2-sciez-300x202.jpg 300w, https:\/\/chandra-ayurveda.com\/wp-content\/uploads\/2025\/09\/Massage-Niveau-2-sciez-768x516.jpg 768w, https:\/\/chandra-ayurveda.com\/wp-content\/uploads\/2025\/09\/Massage-Niveau-2-sciez-450x302.jpg 450w, https:\/\/chandra-ayurveda.com\/wp-content\/uploads\/2025\/09\/Massage-Niveau-2-sciez-600x403.jpg 600w\" sizes=\"(max-width: 750px) 100vw, 750px\" style=\"width:100%;height:67.17%;max-width:996px\" \/>\t\t\t\t\t\t\t\t\t\t\t\t\t\t\t<\/div>\n\t\t\t\t<\/div>\n\t\t\t\t<\/div>\n\t\t\t\t\t<\/div>\n\t\t\t\t<\/div>\n\t\t\t\t\t\t\t<\/div>\n\t\t","protected":false},"excerpt":{"rendered":"<p>Votre Praticien Denis LOTTE J&rsquo;ai \u00e9t\u00e9 ing\u00e9nieur puis enseignant (\u00e0 temps partiel aujourd\u2019hui). Un enseignement de Yoga que je pratique depuis plus de 20 ans, m\u2019a permis de renouer avec une envie profond\u00e9ment enfouie, qui apr\u00e8s avoir ressurgi \u00e0 plusieurs occasions s\u2019est concr\u00e9tis\u00e9e en 2018 avec la rencontre de l&rsquo;Ayurv\u00e9da. . J&rsquo;ai cherch\u00e9 pendant plusieurs&hellip; <a class=\"more-link\" href=\"https:\/\/chandra-ayurveda.com\/index.php\/votre-praticien\/\">Poursuivre la lecture <span class=\"screen-reader-text\">Votre praticien<\/span><\/a><\/p>\n","protected":false},"author":1,"featured_media":44,"parent":0,"menu_order":0,"comment_status":"closed","ping_status":"closed","template":"elementor_header_footer","meta":{"footnotes":""},"aioseo_notices":[],"_links":{"self":[{"href":"https:\/\/chandra-ayurveda.com\/index.php\/wp-json\/wp\/v2\/pages\/266"}],"collection":[{"href":"https:\/\/chandra-ayurveda.com\/index.php\/wp-json\/wp\/v2\/pages"}],"about":[{"href":"https:\/\/chandra-ayurveda.com\/index.php\/wp-json\/wp\/v2\/types\/page"}],"author":[{"embeddable":true,"href":"https:\/\/chandra-ayurveda.com\/index.php\/wp-json\/wp\/v2\/users\/1"}],"replies":[{"embeddable":true,"href":"https:\/\/chandra-ayurveda.com\/index.php\/wp-json\/wp\/v2\/comments?post=266"}],"version-history":[{"count":52,"href":"https:\/\/chandra-ayurveda.com\/index.php\/wp-json\/wp\/v2\/pages\/266\/revisions"}],"predecessor-version":[{"id":960,"href":"https:\/\/chandra-ayurveda.com\/index.php\/wp-json\/wp\/v2\/pages\/266\/revisions\/960"}],"wp:featuredmedia":[{"embeddable":true,"href":"https:\/\/chandra-ayurveda.com\/index.php\/wp-json\/wp\/v2\/media\/44"}],"wp:attachment":[{"href":"https:\/\/chandra-ayurveda.com\/index.php\/wp-json\/wp\/v2\/media?parent=266"}],"curies":[{"name":"wp","href":"https:\/\/api.w.org\/{rel}","templated":true}]}}